{"id":60,"date":"2016-02-18T09:16:50","date_gmt":"2016-02-18T15:16:50","guid":{"rendered":"http:\/\/beta.minimastudio.com:8888\/stargas\/?page_id=60"},"modified":"2019-06-25T09:58:31","modified_gmt":"2019-06-25T14:28:31","slug":"our-brand","status":"publish","type":"page","link":"https:\/\/www.myweldtech.com\/en\/our-brand\/","title":{"rendered":"Our Brand"},"content":{"rendered":"<p><strong>Weldtech est\u00e1 expresamente dise\u00f1ada para brindar una gama de equipos de m\u00e1xima eficiencia, econom\u00eda y ahorro en lo que a costos se refiere.<\/strong><\/p>\n<p><strong>Todos sus componentes son fabricados bajo una serie de controles de calidad muy estrictos para proveer al cliente un \u00f3ptimo desempe\u00f1o y una larga vida \u00fatil.<\/strong><\/p>\n","protected":false},"excerpt":{"rendered":"<p>Weldtech est\u00e1 expresamente dise\u00f1ada para brindar una gama de equipos de m\u00e1xima eficiencia, econom\u00eda y ahorro en lo que a [&hellip;]<\/p>\n","protected":false},"author":1,"featured_media":0,"parent":0,"menu_order":0,"comment_status":"closed","ping_status":"closed","template":"about.php","meta":{"_acf_changed":false,"inline_featured_image":false,"footnotes":""},"class_list":["post-60","page","type-page","status-publish","hentry"],"acf":[],"yoast_head":"<!-- This site is optimized with the Yoast SEO plugin v27.3 - https:\/\/yoast.com\/product\/yoast-seo-wordpress\/ -->\n<title>Our Brand - Weldtech<\/title>\n<meta name=\"robots\" content=\"index, follow, max-snippet:-1, max-image-preview:large, max-video-preview:-1\" \/>\n<link rel=\"canonical\" href=\"https:\/\/www.myweldtech.com\/our-brand\/\" \/>\n<meta property=\"og:locale\" content=\"en_US\" \/>\n<meta property=\"og:type\" content=\"article\" \/>\n<meta property=\"og:title\" content=\"Our Brand - Weldtech\" \/>\n<meta property=\"og:description\" content=\"Weldtech est\u00e1 expresamente dise\u00f1ada para brindar una gama de equipos de m\u00e1xima eficiencia, econom\u00eda y ahorro en lo que a [&hellip;]\" \/>\n<meta property=\"og:url\" content=\"https:\/\/www.myweldtech.com\/our-brand\/\" \/>\n<meta property=\"og:site_name\" content=\"Weldtech\" \/>\n<meta property=\"article:modified_time\" content=\"2019-06-25T14:28:31+00:00\" \/>\n<meta name=\"twitter:card\" content=\"summary_large_image\" \/>\n<script type=\"application\/ld+json\" class=\"yoast-schema-graph\">{\"@context\":\"https:\\\/\\\/schema.org\",\"@graph\":[{\"@type\":\"WebPage\",\"@id\":\"https:\\\/\\\/www.myweldtech.com\\\/our-brand\\\/\",\"url\":\"https:\\\/\\\/www.myweldtech.com\\\/our-brand\\\/\",\"name\":\"Our Brand - Weldtech\",\"isPartOf\":{\"@id\":\"https:\\\/\\\/www.myweldtech.com\\\/#website\"},\"datePublished\":\"2016-02-18T15:16:50+00:00\",\"dateModified\":\"2019-06-25T14:28:31+00:00\",\"breadcrumb\":{\"@id\":\"https:\\\/\\\/www.myweldtech.com\\\/our-brand\\\/#breadcrumb\"},\"inLanguage\":\"en-US\",\"potentialAction\":[{\"@type\":\"ReadAction\",\"target\":[\"https:\\\/\\\/www.myweldtech.com\\\/our-brand\\\/\"]}]},{\"@type\":\"BreadcrumbList\",\"@id\":\"https:\\\/\\\/www.myweldtech.com\\\/our-brand\\\/#breadcrumb\",\"itemListElement\":[{\"@type\":\"ListItem\",\"position\":1,\"name\":\"Portada\",\"item\":\"https:\\\/\\\/www.myweldtech.com\\\/\"},{\"@type\":\"ListItem\",\"position\":2,\"name\":\"Nuestra Marca\"}]},{\"@type\":\"WebSite\",\"@id\":\"https:\\\/\\\/www.myweldtech.com\\\/#website\",\"url\":\"https:\\\/\\\/www.myweldtech.com\\\/\",\"name\":\"Weldtech\",\"description\":\"High quality welding technology\",\"potentialAction\":[{\"@type\":\"SearchAction\",\"target\":{\"@type\":\"EntryPoint\",\"urlTemplate\":\"https:\\\/\\\/www.myweldtech.com\\\/?s={search_term_string}\"},\"query-input\":{\"@type\":\"PropertyValueSpecification\",\"valueRequired\":true,\"valueName\":\"search_term_string\"}}],\"inLanguage\":\"en-US\"}]}<\/script>\n<!-- \/ Yoast SEO plugin. -->","yoast_head_json":{"title":"Our Brand - Weldtech","robots":{"index":"index","follow":"follow","max-snippet":"max-snippet:-1","max-image-preview":"max-image-preview:large","max-video-preview":"max-video-preview:-1"},"canonical":"https:\/\/www.myweldtech.com\/our-brand\/","og_locale":"en_US","og_type":"article","og_title":"Our Brand - Weldtech","og_description":"Weldtech est\u00e1 expresamente dise\u00f1ada para brindar una gama de equipos de m\u00e1xima eficiencia, econom\u00eda y ahorro en lo que a [&hellip;]","og_url":"https:\/\/www.myweldtech.com\/our-brand\/","og_site_name":"Weldtech","article_modified_time":"2019-06-25T14:28:31+00:00","twitter_card":"summary_large_image","schema":{"@context":"https:\/\/schema.org","@graph":[{"@type":"WebPage","@id":"https:\/\/www.myweldtech.com\/our-brand\/","url":"https:\/\/www.myweldtech.com\/our-brand\/","name":"Our Brand - Weldtech","isPartOf":{"@id":"https:\/\/www.myweldtech.com\/#website"},"datePublished":"2016-02-18T15:16:50+00:00","dateModified":"2019-06-25T14:28:31+00:00","breadcrumb":{"@id":"https:\/\/www.myweldtech.com\/our-brand\/#breadcrumb"},"inLanguage":"en-US","potentialAction":[{"@type":"ReadAction","target":["https:\/\/www.myweldtech.com\/our-brand\/"]}]},{"@type":"BreadcrumbList","@id":"https:\/\/www.myweldtech.com\/our-brand\/#breadcrumb","itemListElement":[{"@type":"ListItem","position":1,"name":"Portada","item":"https:\/\/www.myweldtech.com\/"},{"@type":"ListItem","position":2,"name":"Nuestra Marca"}]},{"@type":"WebSite","@id":"https:\/\/www.myweldtech.com\/#website","url":"https:\/\/www.myweldtech.com\/","name":"Weldtech","description":"High quality welding technology","potentialAction":[{"@type":"SearchAction","target":{"@type":"EntryPoint","urlTemplate":"https:\/\/www.myweldtech.com\/?s={search_term_string}"},"query-input":{"@type":"PropertyValueSpecification","valueRequired":true,"valueName":"search_term_string"}}],"inLanguage":"en-US"}]}},"_links":{"self":[{"href":"https:\/\/www.myweldtech.com\/en\/wp-json\/wp\/v2\/pages\/60","targetHints":{"allow":["GET"]}}],"collection":[{"href":"https:\/\/www.myweldtech.com\/en\/wp-json\/wp\/v2\/pages"}],"about":[{"href":"https:\/\/www.myweldtech.com\/en\/wp-json\/wp\/v2\/types\/page"}],"author":[{"embeddable":true,"href":"https:\/\/www.myweldtech.com\/en\/wp-json\/wp\/v2\/users\/1"}],"replies":[{"embeddable":true,"href":"https:\/\/www.myweldtech.com\/en\/wp-json\/wp\/v2\/comments?post=60"}],"version-history":[{"count":5,"href":"https:\/\/www.myweldtech.com\/en\/wp-json\/wp\/v2\/pages\/60\/revisions"}],"predecessor-version":[{"id":21717,"href":"https:\/\/www.myweldtech.com\/en\/wp-json\/wp\/v2\/pages\/60\/revisions\/21717"}],"wp:attachment":[{"href":"https:\/\/www.myweldtech.com\/en\/wp-json\/wp\/v2\/media?parent=60"}],"curies":[{"name":"wp","href":"https:\/\/api.w.org\/{rel}","templated":true}]}}