{"id":20120,"date":"2018-07-10T06:44:22","date_gmt":"2018-07-10T11:14:22","guid":{"rendered":"http:\/\/www.myweldtech.com\/product\/import-placeholder-for-162\/"},"modified":"2021-06-10T09:16:22","modified_gmt":"2021-06-10T13:46:22","slug":"equipo-de-oxicorte-con-cilindros-portatil-weldtech-2001005","status":"publish","type":"product","link":"https:\/\/www.myweldtech.com\/en\/product\/equipo-de-oxicorte-con-cilindros-portatil-weldtech-2001005\/","title":{"rendered":"Equipo de Oxicorte con Cilindros Port\u00e1til Weldtech"},"content":{"rendered":"<p>Adecuado con un mango 100 FC y aditamento super range tambi\u00e9n tipo victor. El regulador ideal para el funcionamiento de este equipo y es de la serie CSR 150, adecu\u00e1ndose a los trabajos medianos presentado en una cesta de pl\u00e1stico.<\/p>\n","protected":false},"excerpt":{"rendered":"<p>Equipo port\u00e1til de oxicorte con cilindros. Adecu\u00e1ndose a trabajos medianos con mango de 100FC y aditamento super range.<\/p>\n","protected":false},"featured_media":18487,"template":"","meta":{"_acf_changed":false,"inline_featured_image":false},"product_brand":[],"product_cat":[75],"product_tag":[3048,3053,3051,3055],"class_list":{"0":"post-20120","1":"product","2":"type-product","3":"status-publish","4":"has-post-thumbnail","6":"product_cat-oxicorte","7":"product_tag-acetileno","8":"product_tag-oxicorte","9":"product_tag-propano","10":"product_tag-soldar","12":"first","13":"instock","14":"shipping-taxable","15":"product-type-simple"},"acf":[],"yoast_head":"<!-- This site is optimized with the Yoast SEO plugin v27.3 - https:\/\/yoast.com\/product\/yoast-seo-wordpress\/ -->\n<title>Equipo de Oxicorte con Cilindros Port\u00e1til Weldtech - Weldtech<\/title>\n<meta name=\"robots\" content=\"index, follow, max-snippet:-1, max-image-preview:large, max-video-preview:-1\" \/>\n<link rel=\"canonical\" href=\"https:\/\/www.myweldtech.com\/product\/equipo-de-oxicorte-con-cilindros-portatil-weldtech-2001005\/\" \/>\n<meta property=\"og:locale\" content=\"en_US\" \/>\n<meta property=\"og:type\" content=\"article\" \/>\n<meta property=\"og:title\" content=\"Equipo de Oxicorte con Cilindros Port\u00e1til Weldtech - Weldtech\" \/>\n<meta property=\"og:description\" content=\"Equipo port\u00e1til de oxicorte con cilindros. Adecu\u00e1ndose a trabajos medianos con mango de 100FC y aditamento super range.\" \/>\n<meta property=\"og:url\" content=\"https:\/\/www.myweldtech.com\/product\/equipo-de-oxicorte-con-cilindros-portatil-weldtech-2001005\/\" \/>\n<meta property=\"og:site_name\" content=\"Weldtech\" \/>\n<meta property=\"article:modified_time\" content=\"2021-06-10T13:46:22+00:00\" \/>\n<meta property=\"og:image\" content=\"https:\/\/www.myweldtech.com\/wp-content\/uploads\/2018\/07\/2001005.jpg\" \/>\n\t<meta property=\"og:image:width\" content=\"1600\" \/>\n\t<meta property=\"og:image:height\" content=\"1600\" \/>\n\t<meta property=\"og:image:type\" content=\"image\/jpeg\" \/>\n<meta name=\"twitter:card\" content=\"summary_large_image\" \/>\n<script type=\"application\/ld+json\" class=\"yoast-schema-graph\">{\"@context\":\"https:\\\/\\\/schema.org\",\"@graph\":[{\"@type\":\"WebPage\",\"@id\":\"https:\\\/\\\/www.myweldtech.com\\\/product\\\/equipo-de-oxicorte-con-cilindros-portatil-weldtech-2001005\\\/\",\"url\":\"https:\\\/\\\/www.myweldtech.com\\\/product\\\/equipo-de-oxicorte-con-cilindros-portatil-weldtech-2001005\\\/\",\"name\":\"Equipo de Oxicorte con Cilindros Port\u00e1til Weldtech - Weldtech\",\"isPartOf\":{\"@id\":\"https:\\\/\\\/www.myweldtech.com\\\/#website\"},\"primaryImageOfPage\":{\"@id\":\"https:\\\/\\\/www.myweldtech.com\\\/product\\\/equipo-de-oxicorte-con-cilindros-portatil-weldtech-2001005\\\/#primaryimage\"},\"image\":{\"@id\":\"https:\\\/\\\/www.myweldtech.com\\\/product\\\/equipo-de-oxicorte-con-cilindros-portatil-weldtech-2001005\\\/#primaryimage\"},\"thumbnailUrl\":\"https:\\\/\\\/www.myweldtech.com\\\/wp-content\\\/uploads\\\/2018\\\/07\\\/2001005.jpg\",\"datePublished\":\"2018-07-10T11:14:22+00:00\",\"dateModified\":\"2021-06-10T13:46:22+00:00\",\"breadcrumb\":{\"@id\":\"https:\\\/\\\/www.myweldtech.com\\\/product\\\/equipo-de-oxicorte-con-cilindros-portatil-weldtech-2001005\\\/#breadcrumb\"},\"inLanguage\":\"en-US\",\"potentialAction\":[{\"@type\":\"ReadAction\",\"target\":[\"https:\\\/\\\/www.myweldtech.com\\\/product\\\/equipo-de-oxicorte-con-cilindros-portatil-weldtech-2001005\\\/\"]}]},{\"@type\":\"ImageObject\",\"inLanguage\":\"en-US\",\"@id\":\"https:\\\/\\\/www.myweldtech.com\\\/product\\\/equipo-de-oxicorte-con-cilindros-portatil-weldtech-2001005\\\/#primaryimage\",\"url\":\"https:\\\/\\\/www.myweldtech.com\\\/wp-content\\\/uploads\\\/2018\\\/07\\\/2001005.jpg\",\"contentUrl\":\"https:\\\/\\\/www.myweldtech.com\\\/wp-content\\\/uploads\\\/2018\\\/07\\\/2001005.jpg\",\"width\":1600,\"height\":1600},{\"@type\":\"BreadcrumbList\",\"@id\":\"https:\\\/\\\/www.myweldtech.com\\\/product\\\/equipo-de-oxicorte-con-cilindros-portatil-weldtech-2001005\\\/#breadcrumb\",\"itemListElement\":[{\"@type\":\"ListItem\",\"position\":1,\"name\":\"Portada\",\"item\":\"https:\\\/\\\/www.myweldtech.com\\\/\"},{\"@type\":\"ListItem\",\"position\":2,\"name\":\"Productos\",\"item\":\"https:\\\/\\\/www.myweldtech.com\\\/catalog\\\/\"},{\"@type\":\"ListItem\",\"position\":3,\"name\":\"Equipo de Oxicorte con Cilindros Port\u00e1til Weldtech\"}]},{\"@type\":\"WebSite\",\"@id\":\"https:\\\/\\\/www.myweldtech.com\\\/#website\",\"url\":\"https:\\\/\\\/www.myweldtech.com\\\/\",\"name\":\"Weldtech\",\"description\":\"High quality welding technology\",\"potentialAction\":[{\"@type\":\"SearchAction\",\"target\":{\"@type\":\"EntryPoint\",\"urlTemplate\":\"https:\\\/\\\/www.myweldtech.com\\\/?s={search_term_string}\"},\"query-input\":{\"@type\":\"PropertyValueSpecification\",\"valueRequired\":true,\"valueName\":\"search_term_string\"}}],\"inLanguage\":\"en-US\"}]}<\/script>\n<!-- \/ Yoast SEO plugin. -->","yoast_head_json":{"title":"Equipo de Oxicorte con Cilindros Port\u00e1til Weldtech - Weldtech","robots":{"index":"index","follow":"follow","max-snippet":"max-snippet:-1","max-image-preview":"max-image-preview:large","max-video-preview":"max-video-preview:-1"},"canonical":"https:\/\/www.myweldtech.com\/product\/equipo-de-oxicorte-con-cilindros-portatil-weldtech-2001005\/","og_locale":"en_US","og_type":"article","og_title":"Equipo de Oxicorte con Cilindros Port\u00e1til Weldtech - Weldtech","og_description":"Equipo port\u00e1til de oxicorte con cilindros. Adecu\u00e1ndose a trabajos medianos con mango de 100FC y aditamento super range.","og_url":"https:\/\/www.myweldtech.com\/product\/equipo-de-oxicorte-con-cilindros-portatil-weldtech-2001005\/","og_site_name":"Weldtech","article_modified_time":"2021-06-10T13:46:22+00:00","og_image":[{"width":1600,"height":1600,"url":"https:\/\/www.myweldtech.com\/wp-content\/uploads\/2018\/07\/2001005.jpg","type":"image\/jpeg"}],"twitter_card":"summary_large_image","schema":{"@context":"https:\/\/schema.org","@graph":[{"@type":"WebPage","@id":"https:\/\/www.myweldtech.com\/product\/equipo-de-oxicorte-con-cilindros-portatil-weldtech-2001005\/","url":"https:\/\/www.myweldtech.com\/product\/equipo-de-oxicorte-con-cilindros-portatil-weldtech-2001005\/","name":"Equipo de Oxicorte con Cilindros Port\u00e1til Weldtech - Weldtech","isPartOf":{"@id":"https:\/\/www.myweldtech.com\/#website"},"primaryImageOfPage":{"@id":"https:\/\/www.myweldtech.com\/product\/equipo-de-oxicorte-con-cilindros-portatil-weldtech-2001005\/#primaryimage"},"image":{"@id":"https:\/\/www.myweldtech.com\/product\/equipo-de-oxicorte-con-cilindros-portatil-weldtech-2001005\/#primaryimage"},"thumbnailUrl":"https:\/\/www.myweldtech.com\/wp-content\/uploads\/2018\/07\/2001005.jpg","datePublished":"2018-07-10T11:14:22+00:00","dateModified":"2021-06-10T13:46:22+00:00","breadcrumb":{"@id":"https:\/\/www.myweldtech.com\/product\/equipo-de-oxicorte-con-cilindros-portatil-weldtech-2001005\/#breadcrumb"},"inLanguage":"en-US","potentialAction":[{"@type":"ReadAction","target":["https:\/\/www.myweldtech.com\/product\/equipo-de-oxicorte-con-cilindros-portatil-weldtech-2001005\/"]}]},{"@type":"ImageObject","inLanguage":"en-US","@id":"https:\/\/www.myweldtech.com\/product\/equipo-de-oxicorte-con-cilindros-portatil-weldtech-2001005\/#primaryimage","url":"https:\/\/www.myweldtech.com\/wp-content\/uploads\/2018\/07\/2001005.jpg","contentUrl":"https:\/\/www.myweldtech.com\/wp-content\/uploads\/2018\/07\/2001005.jpg","width":1600,"height":1600},{"@type":"BreadcrumbList","@id":"https:\/\/www.myweldtech.com\/product\/equipo-de-oxicorte-con-cilindros-portatil-weldtech-2001005\/#breadcrumb","itemListElement":[{"@type":"ListItem","position":1,"name":"Portada","item":"https:\/\/www.myweldtech.com\/"},{"@type":"ListItem","position":2,"name":"Productos","item":"https:\/\/www.myweldtech.com\/catalog\/"},{"@type":"ListItem","position":3,"name":"Equipo de Oxicorte con Cilindros Port\u00e1til Weldtech"}]},{"@type":"WebSite","@id":"https:\/\/www.myweldtech.com\/#website","url":"https:\/\/www.myweldtech.com\/","name":"Weldtech","description":"High quality welding technology","potentialAction":[{"@type":"SearchAction","target":{"@type":"EntryPoint","urlTemplate":"https:\/\/www.myweldtech.com\/?s={search_term_string}"},"query-input":{"@type":"PropertyValueSpecification","valueRequired":true,"valueName":"search_term_string"}}],"inLanguage":"en-US"}]}},"data-sheets":false,"certificado":false,"_links":{"self":[{"href":"https:\/\/www.myweldtech.com\/en\/wp-json\/wp\/v2\/product\/20120","targetHints":{"allow":["GET"]}}],"collection":[{"href":"https:\/\/www.myweldtech.com\/en\/wp-json\/wp\/v2\/product"}],"about":[{"href":"https:\/\/www.myweldtech.com\/en\/wp-json\/wp\/v2\/types\/product"}],"wp:featuredmedia":[{"embeddable":true,"href":"https:\/\/www.myweldtech.com\/en\/wp-json\/wp\/v2\/media\/18487"}],"wp:attachment":[{"href":"https:\/\/www.myweldtech.com\/en\/wp-json\/wp\/v2\/media?parent=20120"}],"wp:term":[{"taxonomy":"product_brand","embeddable":true,"href":"https:\/\/www.myweldtech.com\/en\/wp-json\/wp\/v2\/product_brand?post=20120"},{"taxonomy":"product_cat","embeddable":true,"href":"https:\/\/www.myweldtech.com\/en\/wp-json\/wp\/v2\/product_cat?post=20120"},{"taxonomy":"product_tag","embeddable":true,"href":"https:\/\/www.myweldtech.com\/en\/wp-json\/wp\/v2\/product_tag?post=20120"}],"curies":[{"name":"wp","href":"https:\/\/api.w.org\/{rel}","templated":true}]}}