{"id":20240,"date":"2018-07-10T06:45:06","date_gmt":"2018-07-10T11:15:06","guid":{"rendered":"http:\/\/www.myweldtech.com\/product\/import-placeholder-for-486\/"},"modified":"2019-06-20T10:51:31","modified_gmt":"2019-06-20T15:21:31","slug":"porta-electrodo-de-500-amp-tipo-lenco-af50-weldtech-2003601","status":"publish","type":"product","link":"https:\/\/www.myweldtech.com\/en\/product\/porta-electrodo-de-500-amp-tipo-lenco-af50-weldtech-2003601\/","title":{"rendered":"Porta Electrodo de 500 Amp tipo Lenco AF50 Weldtech"},"content":{"rendered":"<p>Porta Electrodo de 500 Amp tipo Lenco AF50 para trabajo pesado marca Weldtech.\u00a0Eficiente dise\u00f1o que mantiene firmemente sujetado al electrodo, sus partes met\u00e1licas est\u00e1n fabricadas con aleaci\u00f3n especial, cubiertos por aislantes moldeados con material termofijo reforzado resistentes a la flama y trato rudo.<\/p>\n","protected":false},"excerpt":{"rendered":"<p>Porta electrodo para trabajo pesado.<\/p>\n","protected":false},"featured_media":18679,"template":"","meta":{"_acf_changed":false,"inline_featured_image":false},"product_brand":[],"product_cat":[76],"product_tag":[3157,3158,3159,3160,3052],"class_list":{"0":"post-20240","1":"product","2":"type-product","3":"status-publish","4":"has-post-thumbnail","6":"product_cat-soldadura","7":"product_tag-500amp","8":"product_tag-pesado","9":"product_tag-porta-electrodo","10":"product_tag-t-lenco","11":"product_tag-weldtech","13":"first","14":"instock","15":"shipping-taxable","16":"product-type-simple"},"acf":[],"yoast_head":"<!-- This site is optimized with the Yoast SEO plugin v27.3 - https:\/\/yoast.com\/product\/yoast-seo-wordpress\/ -->\n<title>Porta Electrodo de 500 Amp tipo Lenco AF50 Weldtech - Weldtech<\/title>\n<meta name=\"robots\" content=\"index, follow, max-snippet:-1, max-image-preview:large, max-video-preview:-1\" \/>\n<link rel=\"canonical\" href=\"https:\/\/www.myweldtech.com\/product\/porta-electrodo-de-500-amp-tipo-lenco-af50-weldtech-2003601\/\" \/>\n<meta property=\"og:locale\" content=\"en_US\" \/>\n<meta property=\"og:type\" content=\"article\" \/>\n<meta property=\"og:title\" content=\"Porta Electrodo de 500 Amp tipo Lenco AF50 Weldtech - Weldtech\" \/>\n<meta property=\"og:description\" content=\"Porta electrodo para trabajo pesado.\" \/>\n<meta property=\"og:url\" content=\"https:\/\/www.myweldtech.com\/product\/porta-electrodo-de-500-amp-tipo-lenco-af50-weldtech-2003601\/\" \/>\n<meta property=\"og:site_name\" content=\"Weldtech\" \/>\n<meta property=\"article:modified_time\" content=\"2019-06-20T15:21:31+00:00\" \/>\n<meta property=\"og:image\" content=\"https:\/\/www.myweldtech.com\/wp-content\/uploads\/2018\/07\/2003601-1.jpg\" \/>\n\t<meta property=\"og:image:width\" content=\"1600\" \/>\n\t<meta property=\"og:image:height\" content=\"1600\" \/>\n\t<meta property=\"og:image:type\" content=\"image\/jpeg\" \/>\n<meta name=\"twitter:card\" content=\"summary_large_image\" \/>\n<script type=\"application\/ld+json\" class=\"yoast-schema-graph\">{\"@context\":\"https:\\\/\\\/schema.org\",\"@graph\":[{\"@type\":\"WebPage\",\"@id\":\"https:\\\/\\\/www.myweldtech.com\\\/product\\\/porta-electrodo-de-500-amp-tipo-lenco-af50-weldtech-2003601\\\/\",\"url\":\"https:\\\/\\\/www.myweldtech.com\\\/product\\\/porta-electrodo-de-500-amp-tipo-lenco-af50-weldtech-2003601\\\/\",\"name\":\"Porta Electrodo de 500 Amp tipo Lenco AF50 Weldtech - Weldtech\",\"isPartOf\":{\"@id\":\"https:\\\/\\\/www.myweldtech.com\\\/#website\"},\"primaryImageOfPage\":{\"@id\":\"https:\\\/\\\/www.myweldtech.com\\\/product\\\/porta-electrodo-de-500-amp-tipo-lenco-af50-weldtech-2003601\\\/#primaryimage\"},\"image\":{\"@id\":\"https:\\\/\\\/www.myweldtech.com\\\/product\\\/porta-electrodo-de-500-amp-tipo-lenco-af50-weldtech-2003601\\\/#primaryimage\"},\"thumbnailUrl\":\"https:\\\/\\\/www.myweldtech.com\\\/wp-content\\\/uploads\\\/2018\\\/07\\\/2003601-1.jpg\",\"datePublished\":\"2018-07-10T11:15:06+00:00\",\"dateModified\":\"2019-06-20T15:21:31+00:00\",\"breadcrumb\":{\"@id\":\"https:\\\/\\\/www.myweldtech.com\\\/product\\\/porta-electrodo-de-500-amp-tipo-lenco-af50-weldtech-2003601\\\/#breadcrumb\"},\"inLanguage\":\"en-US\",\"potentialAction\":[{\"@type\":\"ReadAction\",\"target\":[\"https:\\\/\\\/www.myweldtech.com\\\/product\\\/porta-electrodo-de-500-amp-tipo-lenco-af50-weldtech-2003601\\\/\"]}]},{\"@type\":\"ImageObject\",\"inLanguage\":\"en-US\",\"@id\":\"https:\\\/\\\/www.myweldtech.com\\\/product\\\/porta-electrodo-de-500-amp-tipo-lenco-af50-weldtech-2003601\\\/#primaryimage\",\"url\":\"https:\\\/\\\/www.myweldtech.com\\\/wp-content\\\/uploads\\\/2018\\\/07\\\/2003601-1.jpg\",\"contentUrl\":\"https:\\\/\\\/www.myweldtech.com\\\/wp-content\\\/uploads\\\/2018\\\/07\\\/2003601-1.jpg\",\"width\":1600,\"height\":1600},{\"@type\":\"BreadcrumbList\",\"@id\":\"https:\\\/\\\/www.myweldtech.com\\\/product\\\/porta-electrodo-de-500-amp-tipo-lenco-af50-weldtech-2003601\\\/#breadcrumb\",\"itemListElement\":[{\"@type\":\"ListItem\",\"position\":1,\"name\":\"Portada\",\"item\":\"https:\\\/\\\/www.myweldtech.com\\\/\"},{\"@type\":\"ListItem\",\"position\":2,\"name\":\"Productos\",\"item\":\"https:\\\/\\\/www.myweldtech.com\\\/catalog\\\/\"},{\"@type\":\"ListItem\",\"position\":3,\"name\":\"Porta Electrodo de 500 Amp tipo Lenco AF50 Weldtech\"}]},{\"@type\":\"WebSite\",\"@id\":\"https:\\\/\\\/www.myweldtech.com\\\/#website\",\"url\":\"https:\\\/\\\/www.myweldtech.com\\\/\",\"name\":\"Weldtech\",\"description\":\"High quality welding technology\",\"potentialAction\":[{\"@type\":\"SearchAction\",\"target\":{\"@type\":\"EntryPoint\",\"urlTemplate\":\"https:\\\/\\\/www.myweldtech.com\\\/?s={search_term_string}\"},\"query-input\":{\"@type\":\"PropertyValueSpecification\",\"valueRequired\":true,\"valueName\":\"search_term_string\"}}],\"inLanguage\":\"en-US\"}]}<\/script>\n<!-- \/ Yoast SEO plugin. -->","yoast_head_json":{"title":"Porta Electrodo de 500 Amp tipo Lenco AF50 Weldtech - Weldtech","robots":{"index":"index","follow":"follow","max-snippet":"max-snippet:-1","max-image-preview":"max-image-preview:large","max-video-preview":"max-video-preview:-1"},"canonical":"https:\/\/www.myweldtech.com\/product\/porta-electrodo-de-500-amp-tipo-lenco-af50-weldtech-2003601\/","og_locale":"en_US","og_type":"article","og_title":"Porta Electrodo de 500 Amp tipo Lenco AF50 Weldtech - Weldtech","og_description":"Porta electrodo para trabajo pesado.","og_url":"https:\/\/www.myweldtech.com\/product\/porta-electrodo-de-500-amp-tipo-lenco-af50-weldtech-2003601\/","og_site_name":"Weldtech","article_modified_time":"2019-06-20T15:21:31+00:00","og_image":[{"width":1600,"height":1600,"url":"https:\/\/www.myweldtech.com\/wp-content\/uploads\/2018\/07\/2003601-1.jpg","type":"image\/jpeg"}],"twitter_card":"summary_large_image","schema":{"@context":"https:\/\/schema.org","@graph":[{"@type":"WebPage","@id":"https:\/\/www.myweldtech.com\/product\/porta-electrodo-de-500-amp-tipo-lenco-af50-weldtech-2003601\/","url":"https:\/\/www.myweldtech.com\/product\/porta-electrodo-de-500-amp-tipo-lenco-af50-weldtech-2003601\/","name":"Porta Electrodo de 500 Amp tipo Lenco AF50 Weldtech - Weldtech","isPartOf":{"@id":"https:\/\/www.myweldtech.com\/#website"},"primaryImageOfPage":{"@id":"https:\/\/www.myweldtech.com\/product\/porta-electrodo-de-500-amp-tipo-lenco-af50-weldtech-2003601\/#primaryimage"},"image":{"@id":"https:\/\/www.myweldtech.com\/product\/porta-electrodo-de-500-amp-tipo-lenco-af50-weldtech-2003601\/#primaryimage"},"thumbnailUrl":"https:\/\/www.myweldtech.com\/wp-content\/uploads\/2018\/07\/2003601-1.jpg","datePublished":"2018-07-10T11:15:06+00:00","dateModified":"2019-06-20T15:21:31+00:00","breadcrumb":{"@id":"https:\/\/www.myweldtech.com\/product\/porta-electrodo-de-500-amp-tipo-lenco-af50-weldtech-2003601\/#breadcrumb"},"inLanguage":"en-US","potentialAction":[{"@type":"ReadAction","target":["https:\/\/www.myweldtech.com\/product\/porta-electrodo-de-500-amp-tipo-lenco-af50-weldtech-2003601\/"]}]},{"@type":"ImageObject","inLanguage":"en-US","@id":"https:\/\/www.myweldtech.com\/product\/porta-electrodo-de-500-amp-tipo-lenco-af50-weldtech-2003601\/#primaryimage","url":"https:\/\/www.myweldtech.com\/wp-content\/uploads\/2018\/07\/2003601-1.jpg","contentUrl":"https:\/\/www.myweldtech.com\/wp-content\/uploads\/2018\/07\/2003601-1.jpg","width":1600,"height":1600},{"@type":"BreadcrumbList","@id":"https:\/\/www.myweldtech.com\/product\/porta-electrodo-de-500-amp-tipo-lenco-af50-weldtech-2003601\/#breadcrumb","itemListElement":[{"@type":"ListItem","position":1,"name":"Portada","item":"https:\/\/www.myweldtech.com\/"},{"@type":"ListItem","position":2,"name":"Productos","item":"https:\/\/www.myweldtech.com\/catalog\/"},{"@type":"ListItem","position":3,"name":"Porta Electrodo de 500 Amp tipo Lenco AF50 Weldtech"}]},{"@type":"WebSite","@id":"https:\/\/www.myweldtech.com\/#website","url":"https:\/\/www.myweldtech.com\/","name":"Weldtech","description":"High quality welding technology","potentialAction":[{"@type":"SearchAction","target":{"@type":"EntryPoint","urlTemplate":"https:\/\/www.myweldtech.com\/?s={search_term_string}"},"query-input":{"@type":"PropertyValueSpecification","valueRequired":true,"valueName":"search_term_string"}}],"inLanguage":"en-US"}]}},"data-sheets":false,"certificado":false,"_links":{"self":[{"href":"https:\/\/www.myweldtech.com\/en\/wp-json\/wp\/v2\/product\/20240","targetHints":{"allow":["GET"]}}],"collection":[{"href":"https:\/\/www.myweldtech.com\/en\/wp-json\/wp\/v2\/product"}],"about":[{"href":"https:\/\/www.myweldtech.com\/en\/wp-json\/wp\/v2\/types\/product"}],"wp:featuredmedia":[{"embeddable":true,"href":"https:\/\/www.myweldtech.com\/en\/wp-json\/wp\/v2\/media\/18679"}],"wp:attachment":[{"href":"https:\/\/www.myweldtech.com\/en\/wp-json\/wp\/v2\/media?parent=20240"}],"wp:term":[{"taxonomy":"product_brand","embeddable":true,"href":"https:\/\/www.myweldtech.com\/en\/wp-json\/wp\/v2\/product_brand?post=20240"},{"taxonomy":"product_cat","embeddable":true,"href":"https:\/\/www.myweldtech.com\/en\/wp-json\/wp\/v2\/product_cat?post=20240"},{"taxonomy":"product_tag","embeddable":true,"href":"https:\/\/www.myweldtech.com\/en\/wp-json\/wp\/v2\/product_tag?post=20240"}],"curies":[{"name":"wp","href":"https:\/\/api.w.org\/{rel}","templated":true}]}}